{"id":97,"date":"2025-01-16T08:09:29","date_gmt":"2025-01-16T08:09:29","guid":{"rendered":"https:\/\/doctoral-course-SSH.ffzg.unizg.hr\/?page_id=97"},"modified":"2025-02-03T08:37:42","modified_gmt":"2025-02-03T08:37:42","slug":"lecturers","status":"publish","type":"page","link":"https:\/\/doctoral-course-SSH.ffzg.unizg.hr\/?page_id=97","title":{"rendered":"Teachers"},"content":{"rendered":"\n<div class=\"wp-block-media-text has-media-on-the-right is-stacked-on-mobile\" style=\"grid-template-columns:auto 43%\"><div class=\"wp-block-media-text__content\">\n<p><strong>Aleksandar \u0160tulhofer<\/strong> <\/p>\n\n\n\n<p>Full Professor and Head of Sexology Unit at the Department of Sociology, University of Zagreb Faculty of Humanities and Social Sciences, Croatia.<\/p>\n\n\n\n<p><strong>Expertise and research interests<\/strong>: Adolescent sexual risk taking, research on pornography use; Epidemiology of sexual health, especially in older people; Hypersexuality; Sexuality and emotional intimacy; HIV vulnerability among hard to reach populations; Sexuality education; Social Capital; Structural equation modelling<\/p>\n\n\n\n<p class=\"has-text-align-left\">Aleksandar serves on the editorial board of the Archives of Sexual Behavior, Journal of Sex Research, Sexuality and Culture, and Sexual Medicine Reviews. He received the European Federation of Sexology Gold Medal and the Alfred C. Kinsey Distinguished Researcher Award for his work.<\/p>\n\n\n\n<div class=\"wp-block-buttons is-layout-flex wp-block-buttons-is-layout-flex\">\n<div class=\"wp-block-button is-style-outline is-style-outline--1\"><a class=\"wp-block-button__link wp-element-button\" href=\"mailto:astulhofer@m.ffzg.hr\">Contact<\/a><\/div>\n<\/div>\n<\/div><figure class=\"wp-block-media-text__media\"><img loading=\"lazy\" decoding=\"async\" width=\"1024\" height=\"683\" src=\"https:\/\/doctoral-course-SSH.ffzg.unizg.hr\/wp-content\/uploads\/2025\/01\/Aleksandar-S\u030ctulhofer_3-1024x683.jpg\" alt=\"\" class=\"wp-image-124 size-full\" srcset=\"https:\/\/doctoral-course-SSH.ffzg.unizg.hr\/wp-content\/uploads\/2025\/01\/Aleksandar-S\u030ctulhofer_3-1024x683.jpg 1024w, https:\/\/doctoral-course-SSH.ffzg.unizg.hr\/wp-content\/uploads\/2025\/01\/Aleksandar-S\u030ctulhofer_3-300x200.jpg 300w, https:\/\/doctoral-course-SSH.ffzg.unizg.hr\/wp-content\/uploads\/2025\/01\/Aleksandar-S\u030ctulhofer_3-768x512.jpg 768w, https:\/\/doctoral-course-SSH.ffzg.unizg.hr\/wp-content\/uploads\/2025\/01\/Aleksandar-S\u030ctulhofer_3-1536x1024.jpg 1536w, https:\/\/doctoral-course-SSH.ffzg.unizg.hr\/wp-content\/uploads\/2025\/01\/Aleksandar-S\u030ctulhofer_3-1568x1046.jpg 1568w, https:\/\/doctoral-course-SSH.ffzg.unizg.hr\/wp-content\/uploads\/2025\/01\/Aleksandar-S\u030ctulhofer_3.jpg 1600w\" sizes=\"auto, (max-width: 1024px) 100vw, 1024px\" \/><\/figure><\/div>\n\n\n\n<div class=\"wp-block-media-text has-media-on-the-right is-stacked-on-mobile\" style=\"grid-template-columns:auto 38%\"><div class=\"wp-block-media-text__content\">\n<p><strong>Charlotta Holmstr\u00f6m<\/strong><\/p>\n\n\n\n<p>Associate professor and managing director of the Centre for Sexology and Sexuality Studies, Department of Social Work, Faculty of Health and Society, Malm\u00f6 University, Sweden.<\/p>\n\n\n\n<p><strong>Expertise and research interests<\/strong>: sociological perspectives on sexuality and intimate relations in relation to legal regulation, the social services, and the health care sector. Her empirical research focuses on young people and sexual consent, sexual health and migration, sex for compensation\u00a0and sexual counseling within the health care sector.\u00a0<\/p>\n\n\n\n<p>Lotta\u2019s research has been published in journals such as Sexualities, Culture, Health &amp; Sexuality, Psychology &amp; Sexuality, Sexuality &amp; Culture and Sexuality &amp; Disability. She has been the principal investigator for several research projects in national and Nordic context.<\/p>\n\n\n\n<div class=\"wp-block-buttons is-layout-flex wp-block-buttons-is-layout-flex\">\n<div class=\"wp-block-button is-style-outline is-style-outline--2\"><a class=\"wp-block-button__link wp-element-button\" href=\"mailto:charlotta.holmstrom@mau.se\">Contact<\/a><\/div>\n<\/div>\n<\/div><figure class=\"wp-block-media-text__media\"><img loading=\"lazy\" decoding=\"async\" width=\"700\" height=\"467\" src=\"https:\/\/doctoral-course-SSH.ffzg.unizg.hr\/wp-content\/uploads\/2025\/02\/44AFHSBIZT.jpg\" alt=\"\" class=\"wp-image-221 size-full\" srcset=\"https:\/\/doctoral-course-SSH.ffzg.unizg.hr\/wp-content\/uploads\/2025\/02\/44AFHSBIZT.jpg 700w, https:\/\/doctoral-course-SSH.ffzg.unizg.hr\/wp-content\/uploads\/2025\/02\/44AFHSBIZT-300x200.jpg 300w\" sizes=\"auto, (max-width: 700px) 100vw, 700px\" \/><\/figure><\/div>\n\n\n\n<div class=\"wp-block-media-text has-media-on-the-right is-stacked-on-mobile\" style=\"grid-template-columns:auto 38%\"><div class=\"wp-block-media-text__content\">\n<p><strong>Eva Elmerstig<\/strong><\/p>\n\n\n\n<p>Associate Professor and Associate director at the Centre for Sexology and Sexuality Studies, Department of Social Work, Faculty of Health and Society, Malm\u00f6 University, Sweden.<\/p>\n\n\n\n<p><strong>Expertise and research interests:&nbsp;<\/strong>Sexual functions and sexual dysfunctions. Sexual health linked to various diseases and conditions such as cancer, acquired brain injury, inflammatory bowel disease (IBD), infertility, and menopause. Uses both qualitative and quantitative methods.<\/p>\n\n\n\n<p>Eva\u2019s research has been published in journals such as Journal of Sex Research, Archives of Sexual Behavior, Psychology &amp; Sexuality,&nbsp;Sexuality and Disability, Sexuality &amp; Culture, and Journal of Sex &amp; Marital Therapy. She is the principal investigator in diverse multidisciplinary research teams.<\/p>\n\n\n\n<div class=\"wp-block-buttons is-layout-flex wp-block-buttons-is-layout-flex\">\n<div class=\"wp-block-button is-style-outline is-style-outline--3\"><a class=\"wp-block-button__link wp-element-button\" href=\"mailto:eva.elmerstig@mau.se\">Contact<\/a><\/div>\n<\/div>\n<\/div><figure class=\"wp-block-media-text__media\"><img loading=\"lazy\" decoding=\"async\" width=\"1024\" height=\"768\" src=\"https:\/\/doctoral-course-SSH.ffzg.unizg.hr\/wp-content\/uploads\/2025\/01\/Eva-Elmerstig-at-Mau-1024x768.jpeg\" alt=\"\" class=\"wp-image-212 size-full\" srcset=\"https:\/\/doctoral-course-SSH.ffzg.unizg.hr\/wp-content\/uploads\/2025\/01\/Eva-Elmerstig-at-Mau-1024x768.jpeg 1024w, https:\/\/doctoral-course-SSH.ffzg.unizg.hr\/wp-content\/uploads\/2025\/01\/Eva-Elmerstig-at-Mau-300x225.jpeg 300w, https:\/\/doctoral-course-SSH.ffzg.unizg.hr\/wp-content\/uploads\/2025\/01\/Eva-Elmerstig-at-Mau-768x576.jpeg 768w, https:\/\/doctoral-course-SSH.ffzg.unizg.hr\/wp-content\/uploads\/2025\/01\/Eva-Elmerstig-at-Mau-1536x1152.jpeg 1536w, https:\/\/doctoral-course-SSH.ffzg.unizg.hr\/wp-content\/uploads\/2025\/01\/Eva-Elmerstig-at-Mau-2048x1536.jpeg 2048w, https:\/\/doctoral-course-SSH.ffzg.unizg.hr\/wp-content\/uploads\/2025\/01\/Eva-Elmerstig-at-Mau-1568x1176.jpeg 1568w\" sizes=\"auto, (max-width: 1024px) 100vw, 1024px\" \/><\/figure><\/div>\n\n\n\n<div class=\"wp-block-media-text has-media-on-the-right is-stacked-on-mobile\" style=\"grid-template-columns:auto 32%\"><div class=\"wp-block-media-text__content\">\n<p><strong>Peer Briken<\/strong><\/p>\n\n\n\n<p>Full Professor and Director of the Institute for Sex Research, Sexual Medicine and Forensic Psychiatry at the University Medical Centre Hamburg-Eppendorf, Germany.<\/p>\n\n\n\n<p><strong>Expertise and research interests: <\/strong>Clinical research related to Compulsive sexual behaviour disorder, paraphilic disorder, sexual dysfunction. Prevention of child sexual abuse and sexual violence.<\/p>\n\n\n\n<p>Peer serves of the editorial board of Journal of Sex Research, The Journal of Sex &amp; Marital Therapy, The International Journal of Sexual Health. He is past president of the German Society for Sex Research and&nbsp;principal investigator in diverse research projects (e.g. EU funded).<\/p>\n\n\n\n<div class=\"wp-block-group is-nowrap is-layout-flex wp-container-core-group-is-layout-ad2f72ca wp-block-group-is-layout-flex\">\n<div class=\"wp-block-buttons is-layout-flex wp-block-buttons-is-layout-flex\">\n<div class=\"wp-block-button is-style-outline is-style-outline--4\"><a class=\"wp-block-button__link wp-element-button\" href=\"mailto:briken@uke.uni-hamburg.de\">Contact<\/a><\/div>\n<\/div>\n\n\n\n<p><\/p>\n<\/div>\n<\/div><figure class=\"wp-block-media-text__media\"><img loading=\"lazy\" decoding=\"async\" width=\"500\" height=\"640\" src=\"https:\/\/doctoral-course-SSH.ffzg.unizg.hr\/wp-content\/uploads\/2025\/02\/PB_IMG_2608.jpg\" alt=\"\" class=\"wp-image-219 size-full\" srcset=\"https:\/\/doctoral-course-SSH.ffzg.unizg.hr\/wp-content\/uploads\/2025\/02\/PB_IMG_2608.jpg 500w, https:\/\/doctoral-course-SSH.ffzg.unizg.hr\/wp-content\/uploads\/2025\/02\/PB_IMG_2608-234x300.jpg 234w\" sizes=\"auto, (max-width: 500px) 100vw, 500px\" \/><\/figure><\/div>\n\n\n\n<div class=\"wp-block-media-text has-media-on-the-right is-stacked-on-mobile\" style=\"grid-template-columns:auto 33%\"><div class=\"wp-block-media-text__content\">\n<p><strong>Joana Carvalho<\/strong><\/p>\n\n\n\n<p>Assistant professor of Psychology, director of the Sexual Behavioral and Health Lab, at the Department of Education and Psychology, University of Aveiro, Portugal; integrated researcher at the William James Center for Research, Portugal.<\/p>\n\n\n\n<p class=\"has-text-align-left\"><strong>Expertise and research interests:<\/strong> Sexual health, focusing on male and female sexual (dys)function; perpetration of sexual violence, including offenders\u2019 risk factors, societal perceptions legitimating sexual violence and prevention programs; laboratory sex research on the cognitive and emotional aspects of human sexual response; psychological perspectives regarding sexuality in the transition to the digital era.&nbsp;<\/p>\n\n\n\n<p>Joana&nbsp;serves on international scientific (e.g., International Society of Sexual Medicine) and editorial (e.g., Sexual Medicine Reviews, International Journal of Sexual Health) boards; she is the president of the Portuguese Society of Clinical Sexology and principal investigator in diverse, multidisciplinary research teams.<\/p>\n\n\n\n<div class=\"wp-block-group is-nowrap is-layout-flex wp-container-core-group-is-layout-ad2f72ca wp-block-group-is-layout-flex\">\n<div class=\"wp-block-buttons is-layout-flex wp-block-buttons-is-layout-flex\">\n<div class=\"wp-block-button is-style-outline is-style-outline--5\"><a class=\"wp-block-button__link wp-element-button\" href=\"mailto:joana.pereira.carvalho@ua.pt\">Contact<\/a><\/div>\n<\/div>\n\n\n\n<p><\/p>\n<\/div>\n<\/div><figure class=\"wp-block-media-text__media\"><img loading=\"lazy\" decoding=\"async\" width=\"755\" height=\"1024\" src=\"https:\/\/doctoral-course-SSH.ffzg.unizg.hr\/wp-content\/uploads\/2025\/01\/JC-755x1024.jpg\" alt=\"\" class=\"wp-image-162 size-full\" srcset=\"https:\/\/doctoral-course-SSH.ffzg.unizg.hr\/wp-content\/uploads\/2025\/01\/JC-755x1024.jpg 755w, https:\/\/doctoral-course-SSH.ffzg.unizg.hr\/wp-content\/uploads\/2025\/01\/JC-221x300.jpg 221w, https:\/\/doctoral-course-SSH.ffzg.unizg.hr\/wp-content\/uploads\/2025\/01\/JC-768x1042.jpg 768w, https:\/\/doctoral-course-SSH.ffzg.unizg.hr\/wp-content\/uploads\/2025\/01\/JC-1132x1536.jpg 1132w, https:\/\/doctoral-course-SSH.ffzg.unizg.hr\/wp-content\/uploads\/2025\/01\/JC-1509x2048.jpg 1509w, https:\/\/doctoral-course-SSH.ffzg.unizg.hr\/wp-content\/uploads\/2025\/01\/JC-1568x2128.jpg 1568w, https:\/\/doctoral-course-SSH.ffzg.unizg.hr\/wp-content\/uploads\/2025\/01\/JC.jpg 1821w\" sizes=\"auto, (max-width: 755px) 100vw, 755px\" \/><\/figure><\/div>\n\n\n\n<div class=\"wp-block-media-text has-media-on-the-right is-stacked-on-mobile\" style=\"grid-template-columns:auto 32%\"><div class=\"wp-block-media-text__content\">\n<div class=\"wp-block-group\"><div class=\"wp-block-group__inner-container is-layout-constrained wp-block-group-is-layout-constrained\">\n<p><strong>Tanja Vu\u010dkovi\u0107 Juro\u0161<\/strong><\/p>\n\n\n\n<p>Associate Professor at the Department of Sociology, University of Zagreb Faculty of Humanities and Social Sciences, Croatia. Co-coordinator of the European Sociological Association&#8217;s Research Network Sexuality.<\/p>\n\n\n\n<p><strong>Expertise and research interests<\/strong>: Sexuality and family; Queer migrations; Social construction of sexuality; LGBTQI+ rights; Public opinion on gender and sexuality; Anti-gender mobilizations; Qualitative Research Methodology.<\/p>\n\n\n\n<p>Tanja&#8217;s research has been published in journals such as Sexualities, Gender, Place, &amp; Culture, Journal of GLBT Family Studies. She co-edited, with L. Merla, S. Murru &amp; G. Orsini, &#8220;Excluding Diversity Through Intersectional Borderings. Politics, Policies and Daily Lives&#8221; (Springer, 2024). <\/p>\n<\/div><\/div>\n\n\n\n<div class=\"wp-block-buttons is-layout-flex wp-block-buttons-is-layout-flex\">\n<div class=\"wp-block-button is-style-outline is-style-outline--6\"><a class=\"wp-block-button__link wp-element-button\" href=\"mailto:tvuckovi@m.ffzg.hr\">Contact<\/a><\/div>\n<\/div>\n<\/div><figure class=\"wp-block-media-text__media\"><img loading=\"lazy\" decoding=\"async\" width=\"750\" height=\"724\" src=\"https:\/\/doctoral-course-SSH.ffzg.unizg.hr\/wp-content\/uploads\/2025\/01\/IMG-20240615-WA0012-cropped2.jpg\" alt=\"\" class=\"wp-image-158 size-full\" srcset=\"https:\/\/doctoral-course-SSH.ffzg.unizg.hr\/wp-content\/uploads\/2025\/01\/IMG-20240615-WA0012-cropped2.jpg 750w, https:\/\/doctoral-course-SSH.ffzg.unizg.hr\/wp-content\/uploads\/2025\/01\/IMG-20240615-WA0012-cropped2-300x290.jpg 300w\" sizes=\"auto, (max-width: 750px) 100vw, 750px\" \/><\/figure><\/div>\n\n\n\n<p><\/p>\n","protected":false},"excerpt":{"rendered":"","protected":false},"author":1,"featured_media":0,"parent":87,"menu_order":0,"comment_status":"closed","ping_status":"closed","template":"","meta":{"footnotes":""},"class_list":["post-97","page","type-page","status-publish","hentry","entry"],"_links":{"self":[{"href":"https:\/\/doctoral-course-SSH.ffzg.unizg.hr\/index.php?rest_route=\/wp\/v2\/pages\/97","targetHints":{"allow":["GET"]}}],"collection":[{"href":"https:\/\/doctoral-course-SSH.ffzg.unizg.hr\/index.php?rest_route=\/wp\/v2\/pages"}],"about":[{"href":"https:\/\/doctoral-course-SSH.ffzg.unizg.hr\/index.php?rest_route=\/wp\/v2\/types\/page"}],"author":[{"embeddable":true,"href":"https:\/\/doctoral-course-SSH.ffzg.unizg.hr\/index.php?rest_route=\/wp\/v2\/users\/1"}],"replies":[{"embeddable":true,"href":"https:\/\/doctoral-course-SSH.ffzg.unizg.hr\/index.php?rest_route=%2Fwp%2Fv2%2Fcomments&post=97"}],"version-history":[{"count":15,"href":"https:\/\/doctoral-course-SSH.ffzg.unizg.hr\/index.php?rest_route=\/wp\/v2\/pages\/97\/revisions"}],"predecessor-version":[{"id":223,"href":"https:\/\/doctoral-course-SSH.ffzg.unizg.hr\/index.php?rest_route=\/wp\/v2\/pages\/97\/revisions\/223"}],"up":[{"embeddable":true,"href":"https:\/\/doctoral-course-SSH.ffzg.unizg.hr\/index.php?rest_route=\/wp\/v2\/pages\/87"}],"wp:attachment":[{"href":"https:\/\/doctoral-course-SSH.ffzg.unizg.hr\/index.php?rest_route=%2Fwp%2Fv2%2Fmedia&parent=97"}],"curies":[{"name":"wp","href":"https:\/\/api.w.org\/{rel}","templated":true}]}}